{"id":4140,"date":"2025-12-15T13:27:59","date_gmt":"2025-12-15T13:27:59","guid":{"rendered":"https:\/\/aliadarealestate.com\/?page_id=4140"},"modified":"2025-12-15T16:49:27","modified_gmt":"2025-12-15T16:49:27","slug":"villas-entregadas","status":"publish","type":"page","link":"https:\/\/aliadarealestate.com\/en\/villas-entregadas\/","title":{"rendered":"Villas delivered"},"content":{"rendered":"<div data-elementor-type=\"wp-page\" data-elementor-id=\"4140\" class=\"elementor elementor-4140\" data-elementor-post-type=\"page\">\n\t\t\t\t<div class=\"elementor-element elementor-element-c778fd8 e-flex e-con-boxed wpr-particle-no wpr-jarallax-no wpr-parallax-no wpr-sticky-section-no e-con e-parent\" data-id=\"c778fd8\" data-element_type=\"container\" data-settings=\"{&quot;background_background&quot;:&quot;classic&quot;}\">\n\t\t\t\t\t<div class=\"e-con-inner\">\n\t\t\t\t<div class=\"elementor-element elementor-element-c7de318 elementor-widget elementor-widget-heading\" data-id=\"c7de318\" data-element_type=\"widget\" data-widget_type=\"heading.default\">\n\t\t\t\t\t<h2 class=\"elementor-heading-title elementor-size-default\">Our Commitment A Reality<\/h2>\t\t\t\t<\/div>\n\t\t\t\t<div class=\"elementor-element elementor-element-6a24b9b elementor-widget__width-initial elementor-widget-mobile__width-inherit elementor-widget elementor-widget-text-editor\" data-id=\"6a24b9b\" data-element_type=\"widget\" data-widget_type=\"text-editor.default\">\n\t\t\t\t\t\t\t\t\t<p>For the Plane to Perfection<\/p>\t\t\t\t\t\t\t\t<\/div>\n\t\t\t\t<div class=\"elementor-element elementor-element-b13e4dd elementor-widget__width-initial elementor-widget-mobile__width-inherit elementor-widget elementor-widget-text-editor\" data-id=\"b13e4dd\" data-element_type=\"widget\" data-widget_type=\"text-editor.default\">\n\t\t\t\t\t\t\t\t\t<p>The trust of our customers translates into tangible assets. This section is a gallery of living our commitment to excellence, documenting the meticulous construction process and the final delivery of the residences. Here you can witness the quality is undeniable and the rigorous execution of every pledge, from the foundation to the ultimate luxury finish.<\/p>\t\t\t\t\t\t\t\t<\/div>\n\t\t<div class=\"elementor-element elementor-element-27e74df e-con-full e-flex wpr-particle-no wpr-jarallax-no wpr-parallax-no wpr-sticky-section-no e-con e-child\" data-id=\"27e74df\" data-element_type=\"container\">\n\t\t<div class=\"elementor-element elementor-element-d36fad5 e-con-full e-flex wpr-particle-no wpr-jarallax-no wpr-parallax-no wpr-sticky-section-no e-con e-child\" data-id=\"d36fad5\" data-element_type=\"container\">\n\t\t\t\t<div class=\"elementor-element elementor-element-64b1b83 elementor-widget__width-initial elementor-widget-mobile__width-inherit elementor-widget elementor-widget-text-editor\" data-id=\"64b1b83\" data-element_type=\"widget\" data-widget_type=\"text-editor.default\">\n\t\t\t\t\t\t\t\t\t<p>Our Standard of Excellence<\/p>\t\t\t\t\t\t\t\t<\/div>\n\t\t\t\t<div class=\"elementor-element elementor-element-296bb24 elementor-widget elementor-widget-heading\" data-id=\"296bb24\" data-element_type=\"widget\" data-widget_type=\"heading.default\">\n\t\t\t\t\t<h2 class=\"elementor-heading-title elementor-size-default\">Villa Tortuga<\/h2>\t\t\t\t<\/div>\n\t\t\t\t<div class=\"elementor-element elementor-element-a38ae5c elementor-position-left elementor-vertical-align-middle elementor-position-left elementor-vertical-align-top elementor-widget elementor-widget-image-box\" data-id=\"a38ae5c\" data-element_type=\"widget\" data-widget_type=\"image-box.default\">\n\t\t\t\t\t<div class=\"elementor-image-box-wrapper\"><figure class=\"elementor-image-box-img\"><img fetchpriority=\"high\" decoding=\"async\" width=\"931\" height=\"854\" src=\"https:\/\/aliadarealestate.com\/wp-content\/uploads\/2025\/12\/Elemento-Final-2-1.png\" class=\"attachment-full size-full wp-image-4156\" alt=\"\" srcset=\"https:\/\/aliadarealestate.com\/wp-content\/uploads\/2025\/12\/Elemento-Final-2-1.png 931w, https:\/\/aliadarealestate.com\/wp-content\/uploads\/2025\/12\/Elemento-Final-2-1-300x275.png 300w, https:\/\/aliadarealestate.com\/wp-content\/uploads\/2025\/12\/Elemento-Final-2-1-768x704.png 768w\" sizes=\"(max-width: 931px) 100vw, 931px\" \/><\/figure><div class=\"elementor-image-box-content\"><h3 class=\"elementor-image-box-title\">Status: Delivered<\/h3><\/div><\/div>\t\t\t\t<\/div>\n\t\t\t\t<div class=\"elementor-element elementor-element-a6607a3 elementor-widget elementor-widget-text-editor\" data-id=\"a6607a3\" data-element_type=\"widget\" data-widget_type=\"text-editor.default\">\n\t\t\t\t\t\t\t\t\t<p>The first asset wealth delivered, marking the start of a legacy.<\/p>\t\t\t\t\t\t\t\t<\/div>\n\t\t\t\t<div class=\"elementor-element elementor-element-26fe13f elementor-position-left elementor-vertical-align-middle elementor-position-left elementor-vertical-align-top elementor-widget elementor-widget-image-box\" data-id=\"26fe13f\" data-element_type=\"widget\" data-widget_type=\"image-box.default\">\n\t\t\t\t\t<div class=\"elementor-image-box-wrapper\"><figure class=\"elementor-image-box-img\"><img fetchpriority=\"high\" decoding=\"async\" width=\"931\" height=\"854\" src=\"https:\/\/aliadarealestate.com\/wp-content\/uploads\/2025\/12\/Elemento-Final-2-1.png\" class=\"attachment-full size-full wp-image-4156\" alt=\"\" srcset=\"https:\/\/aliadarealestate.com\/wp-content\/uploads\/2025\/12\/Elemento-Final-2-1.png 931w, https:\/\/aliadarealestate.com\/wp-content\/uploads\/2025\/12\/Elemento-Final-2-1-300x275.png 300w, https:\/\/aliadarealestate.com\/wp-content\/uploads\/2025\/12\/Elemento-Final-2-1-768x704.png 768w\" sizes=\"(max-width: 931px) 100vw, 931px\" \/><\/figure><div class=\"elementor-image-box-content\"><h3 class=\"elementor-image-box-title\">419.65 m2 of Construction<\/h3><\/div><\/div>\t\t\t\t<\/div>\n\t\t\t\t<div class=\"elementor-element elementor-element-38d2204 elementor-widget-mobile__width-initial elementor-widget elementor-widget-text-editor\" data-id=\"38d2204\" data-element_type=\"widget\" data-widget_type=\"text-editor.default\">\n\t\t\t\t\t\t\t\t\t<p>Get inspired with our on-time delivery and the quality of our execution. If you have already witnessed our commitment to excellence, it is time to begin to realize their own asset of high value in the Riviera Maya.<\/p>\t\t\t\t\t\t\t\t<\/div>\n\t\t\t\t<\/div>\n\t\t<div class=\"elementor-element elementor-element-f5a41d7 e-con-full e-flex wpr-particle-no wpr-jarallax-no wpr-parallax-no wpr-sticky-section-no e-con e-child\" data-id=\"f5a41d7\" data-element_type=\"container\">\n\t\t\t\t<div class=\"elementor-element elementor-element-5a149cb elementor-widget elementor-widget-wpr-before-after\" data-id=\"5a149cb\" data-element_type=\"widget\" data-widget_type=\"wpr-before-after.default\">\n\t\t\t\t\t<div class=\"wpr-ba-image-container wpr-ba-horizontal wpr-ba-labels-default\" data-position=\"50\" data-trigger=\"drag\"><div class=\"wpr-ba-image-1\"><img decoding=\"async\" src=\"https:\/\/aliadarealestate.com\/wp-content\/uploads\/2025\/12\/inicio-fachada.webp\"><\/div><div class=\"wpr-ba-image-2\"><img decoding=\"async\" src=\"https:\/\/aliadarealestate.com\/wp-content\/uploads\/2025\/12\/Copy-of-CASA-TORTUGA_2-Photo-scaled.jpg\"><\/div><div class=\"wpr-ba-divider\"><div class=\"wpr-ba-divider-icons\"><i class=\"fa fa-chevron-left\"><\/i><i class=\"fa fa-chevron-right\"><\/i><\/div><\/div><div class=\"wpr-ba-label wpr-ba-label-1\"><div>Before<\/div><\/div><div class=\"wpr-ba-label wpr-ba-label-2\"><div>After<\/div><\/div><\/div>\t\t\t\t<\/div>\n\t\t\t\t<\/div>\n\t\t\t\t<\/div>\n\t\t<div class=\"elementor-element elementor-element-91416a6 e-flex e-con-boxed wpr-particle-no wpr-jarallax-no wpr-parallax-no wpr-sticky-section-no e-con e-child\" data-id=\"91416a6\" data-element_type=\"container\">\n\t\t\t\t\t<div class=\"e-con-inner\">\n\t\t<div class=\"elementor-element elementor-element-0ddc0fc e-con-full e-flex wpr-particle-no wpr-jarallax-no wpr-parallax-no wpr-sticky-section-no e-con e-child\" data-id=\"0ddc0fc\" data-element_type=\"container\">\n\t\t\t\t<div class=\"elementor-element elementor-element-74338e7 ekit-image-accordion-hover elementor-widget__width-inherit ekit-image-accordion-mobile-vertical ekit-image-accordion-horizontal elementor-widget elementor-widget-elementskit-image-accordion\" data-id=\"74338e7\" data-element_type=\"widget\" data-widget_type=\"elementskit-image-accordion.default\">\n\t\t\t\t<div class=\"elementor-widget-container\">\n\t\t\t\t\t<div class=\"ekit-wid-con\" >\t\t<div class=\"ekit-image-accordion elementskit-image-accordion-wraper\">\n\t\t\t                <input type=\"radio\" name=\"ekit_ia_74338e7\" id=\"ekit_ia_74338e7_0\" class=\"elementskit-single-image-accordion--input\" hidden>\n                <label for=\"ekit_ia_74338e7_0\" class=\"elementskit-single-image-accordion ekit-image-accordion-item\" style=\"background-image: url(https:\/\/aliadarealestate.com\/wp-content\/uploads\/2025\/12\/Copy-of-IMG_8760-scaled.jpg)\">\n                    <span class=\"elementskit-accordion-content\">\n\t\t\t\t\t\t\t\t\t\t\t\t\t<span class=\"elementskit-icon-wraper ekit-image-accordion-actions\">\n\t\t\t\t\t\t\t\t\t\t\t\t\t\t\t\t<a data-elementor-open-lightbox=\"yes\" data-elementor-lightbox-slideshow=\"74338e7\" data-elementor-lightbox-title=\"Copy of IMG_8760\" data-e-action-hash=\"#elementor-action%3Aaction%3Dlightbox%26settings%3DeyJpZCI6NDE2MSwidXJsIjoiaHR0cHM6XC9cL2FsaWFkYXJlYWxlc3RhdGUuY29tXC93cC1jb250ZW50XC91cGxvYWRzXC8yMDI1XC8xMlwvQ29weS1vZi1JTUdfODc2MC1zY2FsZWQuanBnIiwic2xpZGVzaG93IjoiNzQzMzhlNyJ9\" href=\"https:\/\/aliadarealestate.com\/wp-content\/uploads\/2025\/12\/Copy-of-IMG_8760-scaled.jpg\" aria-label=\"pupup-button\" class=\"icon-outline circle\">\n\t\t\t\t\t\t\t\t\t<i aria-hidden=\"true\" class=\"icon icon-plus\"><\/i>\t\t\t\t\t\t\t\t\t<\/a>\n\t\t\t\t\t\t\t\t\t\t\t\t\t\t\t\t\t\t\t\t\t\t\t<a  class=\"icon-outline circle\">\n\t\t\t\t\t\t\t\t\t<i aria-hidden=\"true\" class=\"icon icon-link\"><\/i>\t\t\t\t\t\t\t\t\t<\/a>\n\t\t\t\t\t\t\t\t\t\t\t\t\t\t\t<\/span>\n\t\t\t\t\t\t\t\t\t\t\t\t\t\t<span class=\"elementskit-accordion-title-wraper\">\n\t\t\t\t\t\t\t\t<span class=\"elementskit-accordion-title\">\n\t\t\t\t\t\t\t\t\n\t\t\t\t\t\t\t\tFoundations\n\t\t\t\t\t\t\t\t\t\t\t\t\t\t\t\t<\/span>\n\t\t\t\t\t\t\t<\/span>\n\t\t\t\t\t\t\t                    <\/span>\n                <\/label>\n                            <input type=\"radio\" name=\"ekit_ia_74338e7\" id=\"ekit_ia_74338e7_1\" class=\"elementskit-single-image-accordion--input\" hidden>\n                <label for=\"ekit_ia_74338e7_1\" class=\"elementskit-single-image-accordion ekit-image-accordion-item\" style=\"background-image: url(https:\/\/aliadarealestate.com\/wp-content\/uploads\/2025\/12\/Copy-of-IMG_4910-scaled.jpg)\">\n                    <span class=\"elementskit-accordion-content\">\n\t\t\t\t\t\t\t\t\t\t\t\t\t<span class=\"elementskit-icon-wraper ekit-image-accordion-actions\">\n\t\t\t\t\t\t\t\t\t\t\t\t\t\t\t\t<a data-elementor-open-lightbox=\"yes\" data-elementor-lightbox-slideshow=\"74338e7\" data-elementor-lightbox-title=\"Copy of IMG_4910\" data-e-action-hash=\"#elementor-action%3Aaction%3Dlightbox%26settings%3DeyJpZCI6NDE2MCwidXJsIjoiaHR0cHM6XC9cL2FsaWFkYXJlYWxlc3RhdGUuY29tXC93cC1jb250ZW50XC91cGxvYWRzXC8yMDI1XC8xMlwvQ29weS1vZi1JTUdfNDkxMC1zY2FsZWQuanBnIiwic2xpZGVzaG93IjoiNzQzMzhlNyJ9\" href=\"https:\/\/aliadarealestate.com\/wp-content\/uploads\/2025\/12\/Copy-of-IMG_4910-scaled.jpg\" aria-label=\"pupup-button\" class=\"icon-outline circle\">\n\t\t\t\t\t\t\t\t\t<i aria-hidden=\"true\" class=\"icon icon-plus\"><\/i>\t\t\t\t\t\t\t\t\t<\/a>\n\t\t\t\t\t\t\t\t\t\t\t\t\t\t\t\t\t\t\t\t\t\t\t<a  class=\"icon-outline circle\">\n\t\t\t\t\t\t\t\t\t<i aria-hidden=\"true\" class=\"icon icon-link\"><\/i>\t\t\t\t\t\t\t\t\t<\/a>\n\t\t\t\t\t\t\t\t\t\t\t\t\t\t\t<\/span>\n\t\t\t\t\t\t\t\t\t\t\t\t\t\t<span class=\"elementskit-accordion-title-wraper\">\n\t\t\t\t\t\t\t\t<span class=\"elementskit-accordion-title\">\n\t\t\t\t\t\t\t\t\n\t\t\t\t\t\t\t\tCreating spaces\n\t\t\t\t\t\t\t\t\t\t\t\t\t\t\t\t<\/span>\n\t\t\t\t\t\t\t<\/span>\n\t\t\t\t\t\t\t                    <\/span>\n                <\/label>\n                            <input type=\"radio\" name=\"ekit_ia_74338e7\" id=\"ekit_ia_74338e7_2\" class=\"elementskit-single-image-accordion--input\" checked=\"checked\" hidden>\n                <label for=\"ekit_ia_74338e7_2\" class=\"elementskit-single-image-accordion ekit-image-accordion-item\" style=\"background-image: url(https:\/\/aliadarealestate.com\/wp-content\/uploads\/2025\/12\/Copy-of-IMG_4913-scaled.jpg)\">\n                    <span class=\"elementskit-accordion-content\">\n\t\t\t\t\t\t\t\t\t\t\t\t\t<span class=\"elementskit-accordion-title-wraper\">\n\t\t\t\t\t\t\t\t<span class=\"elementskit-accordion-title\">\n\t\t\t\t\t\t\t\t\n\t\t\t\t\t\t\t\tModern Facades\n\t\t\t\t\t\t\t\t\t\t\t\t\t\t\t\t<\/span>\n\t\t\t\t\t\t\t<\/span>\n\t\t\t\t\t\t\t                    <\/span>\n                <\/label>\n                            <input type=\"radio\" name=\"ekit_ia_74338e7\" id=\"ekit_ia_74338e7_3\" class=\"elementskit-single-image-accordion--input\" hidden>\n                <label for=\"ekit_ia_74338e7_3\" class=\"elementskit-single-image-accordion ekit-image-accordion-item\" style=\"background-image: url(https:\/\/aliadarealestate.com\/wp-content\/uploads\/2025\/12\/Copy-of-IMG_5122-scaled.jpg)\">\n                    <span class=\"elementskit-accordion-content\">\n\t\t\t\t\t\t\t\t\t\t\t\t\t<span class=\"elementskit-icon-wraper ekit-image-accordion-actions\">\n\t\t\t\t\t\t\t\t\t\t\t\t\t\t\t\t<a data-elementor-open-lightbox=\"yes\" data-elementor-lightbox-slideshow=\"74338e7\" data-elementor-lightbox-title=\"Copy of IMG_5122\" data-e-action-hash=\"#elementor-action%3Aaction%3Dlightbox%26settings%3DeyJpZCI6NDE3MiwidXJsIjoiaHR0cHM6XC9cL2FsaWFkYXJlYWxlc3RhdGUuY29tXC93cC1jb250ZW50XC91cGxvYWRzXC8yMDI1XC8xMlwvQ29weS1vZi1JTUdfNTEyMi1zY2FsZWQuanBnIiwic2xpZGVzaG93IjoiNzQzMzhlNyJ9\" href=\"https:\/\/aliadarealestate.com\/wp-content\/uploads\/2025\/12\/Copy-of-IMG_5122-scaled.jpg\" aria-label=\"pupup-button\" class=\"icon-outline circle\">\n\t\t\t\t\t\t\t\t\t<i aria-hidden=\"true\" class=\"icon icon-plus\"><\/i>\t\t\t\t\t\t\t\t\t<\/a>\n\t\t\t\t\t\t\t\t\t\t\t\t\t\t\t\t\t\t\t\t\t\t\t<a  class=\"icon-outline circle\">\n\t\t\t\t\t\t\t\t\t<i aria-hidden=\"true\" class=\"icon icon-link\"><\/i>\t\t\t\t\t\t\t\t\t<\/a>\n\t\t\t\t\t\t\t\t\t\t\t\t\t\t\t<\/span>\n\t\t\t\t\t\t\t\t\t\t\t\t\t\t<span class=\"elementskit-accordion-title-wraper\">\n\t\t\t\t\t\t\t\t<span class=\"elementskit-accordion-title\">\n\t\t\t\t\t\t\t\t\n\t\t\t\t\t\t\t\tDistribution of spaces\n\t\t\t\t\t\t\t\t\t\t\t\t\t\t\t\t<\/span>\n\t\t\t\t\t\t\t<\/span>\n\t\t\t\t\t\t\t                    <\/span>\n                <\/label>\n                            <input type=\"radio\" name=\"ekit_ia_74338e7\" id=\"ekit_ia_74338e7_4\" class=\"elementskit-single-image-accordion--input\" hidden>\n                <label for=\"ekit_ia_74338e7_4\" class=\"elementskit-single-image-accordion ekit-image-accordion-item\" style=\"background-image: url(https:\/\/aliadarealestate.com\/wp-content\/uploads\/2025\/12\/Copy-of-IMG_5878-scaled.jpg)\">\n                    <span class=\"elementskit-accordion-content\">\n\t\t\t\t\t\t\t\t\t\t\t\t\t<span class=\"elementskit-icon-wraper ekit-image-accordion-actions\">\n\t\t\t\t\t\t\t\t\t\t\t\t\t\t\t\t<a data-elementor-open-lightbox=\"yes\" data-elementor-lightbox-slideshow=\"74338e7\" data-elementor-lightbox-title=\"Copy of IMG_5878\" data-e-action-hash=\"#elementor-action%3Aaction%3Dlightbox%26settings%3DeyJpZCI6NDE3MCwidXJsIjoiaHR0cHM6XC9cL2FsaWFkYXJlYWxlc3RhdGUuY29tXC93cC1jb250ZW50XC91cGxvYWRzXC8yMDI1XC8xMlwvQ29weS1vZi1JTUdfNTg3OC1zY2FsZWQuanBnIiwic2xpZGVzaG93IjoiNzQzMzhlNyJ9\" href=\"https:\/\/aliadarealestate.com\/wp-content\/uploads\/2025\/12\/Copy-of-IMG_5878-scaled.jpg\" aria-label=\"pupup-button\" class=\"icon-outline circle\">\n\t\t\t\t\t\t\t\t\t<i aria-hidden=\"true\" class=\"icon icon-plus\"><\/i>\t\t\t\t\t\t\t\t\t<\/a>\n\t\t\t\t\t\t\t\t\t\t\t\t\t\t\t\t\t\t\t\t\t\t\t<a  class=\"icon-outline circle\">\n\t\t\t\t\t\t\t\t\t<i aria-hidden=\"true\" class=\"icon icon-link\"><\/i>\t\t\t\t\t\t\t\t\t<\/a>\n\t\t\t\t\t\t\t\t\t\t\t\t\t\t\t<\/span>\n\t\t\t\t\t\t\t\t\t\t\t\t\t\t<span class=\"elementskit-accordion-title-wraper\">\n\t\t\t\t\t\t\t\t<span class=\"elementskit-accordion-title\">\n\t\t\t\t\t\t\t\t\n\t\t\t\t\t\t\t\tComfort in the heights\n\t\t\t\t\t\t\t\t\t\t\t\t\t\t\t\t<\/span>\n\t\t\t\t\t\t\t<\/span>\n\t\t\t\t\t\t\t                    <\/span>\n                <\/label>\n                    <\/div>\n    <\/div>\t\t\t\t<\/div>\n\t\t\t\t<\/div>\n\t\t\t\t<\/div>\n\t\t<div class=\"elementor-element elementor-element-fa26b74 e-con-full e-flex wpr-particle-no wpr-jarallax-no wpr-parallax-no wpr-sticky-section-no e-con e-child\" data-id=\"fa26b74\" data-element_type=\"container\">\n\t\t\t\t<div class=\"elementor-element elementor-element-82d732c elementor-widget elementor-widget-heading\" data-id=\"82d732c\" data-element_type=\"widget\" data-widget_type=\"heading.default\">\n\t\t\t\t\t<h2 class=\"elementor-heading-title elementor-size-default\">Construction Certified: Progress and Quality Without Compromises.<\/h2>\t\t\t\t<\/div>\n\t\t\t\t<div class=\"elementor-element elementor-element-1bfa109 elementor-pagination-position-outside elementor-widget elementor-widget-image-carousel\" data-id=\"1bfa109\" data-element_type=\"widget\" data-settings=\"{&quot;slides_to_show&quot;:&quot;1&quot;,&quot;navigation&quot;:&quot;dots&quot;,&quot;autoplay&quot;:&quot;yes&quot;,&quot;pause_on_hover&quot;:&quot;yes&quot;,&quot;pause_on_interaction&quot;:&quot;yes&quot;,&quot;autoplay_speed&quot;:5000,&quot;infinite&quot;:&quot;yes&quot;,&quot;effect&quot;:&quot;slide&quot;,&quot;speed&quot;:500}\" data-widget_type=\"image-carousel.default\">\n\t\t\t\t\t\t\t<div class=\"elementor-image-carousel-wrapper swiper\" role=\"region\" aria-roledescription=\"carousel\" aria-label=\"Image Carousel\" dir=\"ltr\">\n\t\t\t<div class=\"elementor-image-carousel swiper-wrapper\" aria-live=\"off\">\n\t\t\t\t\t\t\t\t<div class=\"swiper-slide\" role=\"group\" aria-roledescription=\"slide\" aria-label=\"1 de 9\"><figure class=\"swiper-slide-inner\"><img decoding=\"async\" class=\"swiper-slide-image\" src=\"https:\/\/aliadarealestate.com\/wp-content\/uploads\/2025\/12\/Copy-of-IMG_7538-scaled.jpg\" alt=\"Copy of IMG_7538\" \/><\/figure><\/div><div class=\"swiper-slide\" role=\"group\" aria-roledescription=\"slide\" aria-label=\"2 de 9\"><figure class=\"swiper-slide-inner\"><img decoding=\"async\" class=\"swiper-slide-image\" src=\"https:\/\/aliadarealestate.com\/wp-content\/uploads\/2025\/12\/Copy-of-IMG_7539-scaled.jpg\" alt=\"Copy of IMG_7539\" \/><\/figure><\/div><div class=\"swiper-slide\" role=\"group\" aria-roledescription=\"slide\" aria-label=\"3 de 9\"><figure class=\"swiper-slide-inner\"><img decoding=\"async\" class=\"swiper-slide-image\" src=\"https:\/\/aliadarealestate.com\/wp-content\/uploads\/2025\/12\/Copy-of-IMG_7532-scaled.jpg\" alt=\"Copy of IMG_7532\" \/><\/figure><\/div><div class=\"swiper-slide\" role=\"group\" aria-roledescription=\"slide\" aria-label=\"4 de 9\"><figure class=\"swiper-slide-inner\"><img decoding=\"async\" class=\"swiper-slide-image\" src=\"https:\/\/aliadarealestate.com\/wp-content\/uploads\/2025\/12\/Copy-of-IMG_7530-scaled.jpg\" alt=\"Copy of IMG_7530\" \/><\/figure><\/div><div class=\"swiper-slide\" role=\"group\" aria-roledescription=\"slide\" aria-label=\"5 de 9\"><figure class=\"swiper-slide-inner\"><img decoding=\"async\" class=\"swiper-slide-image\" src=\"https:\/\/aliadarealestate.com\/wp-content\/uploads\/2025\/12\/Copy-of-IMG_7527-scaled.jpg\" alt=\"Copy of IMG_7527\" \/><\/figure><\/div><div class=\"swiper-slide\" role=\"group\" aria-roledescription=\"slide\" aria-label=\"6 de 9\"><figure class=\"swiper-slide-inner\"><img decoding=\"async\" class=\"swiper-slide-image\" src=\"https:\/\/aliadarealestate.com\/wp-content\/uploads\/2025\/12\/Copy-of-IMG_7514-scaled.jpg\" alt=\"Copy of IMG_7514\" \/><\/figure><\/div><div class=\"swiper-slide\" role=\"group\" aria-roledescription=\"slide\" aria-label=\"7 de 9\"><figure class=\"swiper-slide-inner\"><img decoding=\"async\" class=\"swiper-slide-image\" src=\"https:\/\/aliadarealestate.com\/wp-content\/uploads\/2025\/12\/Copy-of-IMG_7181-scaled.jpg\" alt=\"Copy of IMG_7181\" \/><\/figure><\/div><div class=\"swiper-slide\" role=\"group\" aria-roledescription=\"slide\" aria-label=\"8 de 9\"><figure class=\"swiper-slide-inner\"><img decoding=\"async\" class=\"swiper-slide-image\" src=\"https:\/\/aliadarealestate.com\/wp-content\/uploads\/2025\/12\/Copy-of-IMG_7019-scaled.jpg\" alt=\"Copy of IMG_7019\" \/><\/figure><\/div><div class=\"swiper-slide\" role=\"group\" aria-roledescription=\"slide\" aria-label=\"9 de 9\"><figure class=\"swiper-slide-inner\"><img decoding=\"async\" class=\"swiper-slide-image\" src=\"https:\/\/aliadarealestate.com\/wp-content\/uploads\/2025\/12\/Copy-of-67ddb22b-3705-4321-b9a5-284f9b0aa004.jpg\" alt=\"Copy of 67ddb22b-3705-4321-b9a5-284f9b0aa004\" \/><\/figure><\/div>\t\t\t<\/div>\n\t\t\t\t\t\t\t\n\t\t\t\t\t\t\t\t\t<div class=\"swiper-pagination\"><\/div>\n\t\t\t\t\t\t\t\t\t<\/div>\n\t\t\t\t\t\t<\/div>\n\t\t\t\t<\/div>\n\t\t\t\t\t<\/div>\n\t\t\t\t<\/div>\n\t\t\t\t\t<\/div>\n\t\t\t\t<\/div>\n\t\t\t\t<\/div>","protected":false},"excerpt":{"rendered":"<p>Nuestro Compromiso Hecho Realidad Del Plano a la Perfecci\u00f3n La confianza de nuestros clientes se traduce en activos tangibles. Esta secci\u00f3n es una galer\u00eda viva de nuestro compromiso con la excelencia, documentando el meticuloso proceso de construcci\u00f3n y la entrega final de las residencias. Aqu\u00ed podr\u00e1 atestiguar la calidad innegable y el cumplimiento riguroso de cada promesa, desde el cimiento hasta el \u00faltimo acabado de lujo. Nuestro Est\u00e1ndar de Excelencia Villa Tortuga Estatus: Entregada El primer activo patrimonial entregado, marcando el inicio de un legado. 419.65 m\u00b2 de Construcci\u00f3n Insp\u00edrese con nuestras entregas a tiempo y la calidad de nuestra ejecuci\u00f3n. Si ya ha atestiguado nuestro compromiso con la excelencia, es el momento de comenzar a materializar su propio activo de alto valor en la Riviera Maya. AntesDespu\u00e9s Fundaciones Creando espacios Fachadas Modernas Distribuci\u00f3n de espacios Comodidad en las alturas Construcci\u00f3n Certificada: Avance y Calidad Sin Compromisos.<\/p>","protected":false},"author":2,"featured_media":0,"parent":0,"menu_order":0,"comment_status":"closed","ping_status":"closed","template":"elementor_theme","meta":{"footnotes":""},"class_list":["post-4140","page","type-page","status-publish","hentry"],"_links":{"self":[{"href":"https:\/\/aliadarealestate.com\/en\/wp-json\/wp\/v2\/pages\/4140","targetHints":{"allow":["GET"]}}],"collection":[{"href":"https:\/\/aliadarealestate.com\/en\/wp-json\/wp\/v2\/pages"}],"about":[{"href":"https:\/\/aliadarealestate.com\/en\/wp-json\/wp\/v2\/types\/page"}],"author":[{"embeddable":true,"href":"https:\/\/aliadarealestate.com\/en\/wp-json\/wp\/v2\/users\/2"}],"replies":[{"embeddable":true,"href":"https:\/\/aliadarealestate.com\/en\/wp-json\/wp\/v2\/comments?post=4140"}],"version-history":[{"count":5,"href":"https:\/\/aliadarealestate.com\/en\/wp-json\/wp\/v2\/pages\/4140\/revisions"}],"predecessor-version":[{"id":4231,"href":"https:\/\/aliadarealestate.com\/en\/wp-json\/wp\/v2\/pages\/4140\/revisions\/4231"}],"wp:attachment":[{"href":"https:\/\/aliadarealestate.com\/en\/wp-json\/wp\/v2\/media?parent=4140"}],"curies":[{"name":"wp","href":"https:\/\/api.w.org\/{rel}","templated":true}]}}